{"id":1435,"date":"2023-10-06T19:37:34","date_gmt":"2023-10-06T19:37:34","guid":{"rendered":"https:\/\/ascensus-beratung.de\/imprint\/"},"modified":"2024-05-08T06:48:13","modified_gmt":"2024-05-08T06:48:13","slug":"imprint","status":"publish","type":"page","link":"https:\/\/ascensus-beratung.de\/en\/imprint\/","title":{"rendered":"Imprint"},"content":{"rendered":"\t\t<div data-elementor-type=\"wp-page\" data-elementor-id=\"1435\" class=\"elementor elementor-1435 elementor-18\" data-elementor-post-type=\"page\">\n\t\t\t\t<div class=\"elementor-element elementor-element-8be9480 e-con-full e-flex e-con e-parent\" data-id=\"8be9480\" data-element_type=\"container\" data-e-type=\"container\" data-settings=\"{&quot;background_background&quot;:&quot;classic&quot;}\">\n\t\t<div class=\"elementor-element elementor-element-7c18764 e-con-full e-flex e-con e-child\" data-id=\"7c18764\" data-element_type=\"container\" data-e-type=\"container\">\n\t\t\t\t<div class=\"elementor-element elementor-element-9e1ac5e elementor-widget__width-initial elementor-widget elementor-widget-heading\" data-id=\"9e1ac5e\" data-element_type=\"widget\" data-e-type=\"widget\" data-widget_type=\"heading.default\">\n\t\t\t\t<div class=\"elementor-widget-container\">\n\t\t\t\t\t<h1 class=\"elementor-heading-title elementor-size-default\">Imprint<\/h1>\t\t\t\t<\/div>\n\t\t\t\t<\/div>\n\t\t\t\t<\/div>\n\t\t\t\t<\/div>\n\t\t<div class=\"elementor-element elementor-element-dd1bcac e-flex e-con-boxed e-con e-parent\" data-id=\"dd1bcac\" data-element_type=\"container\" data-e-type=\"container\">\n\t\t\t\t\t<div class=\"e-con-inner\">\n\t\t\t\t<div class=\"elementor-element elementor-element-0f5894a elementor-widget elementor-widget-text-editor\" data-id=\"0f5894a\" data-element_type=\"widget\" data-e-type=\"widget\" data-widget_type=\"text-editor.default\">\n\t\t\t\t<div class=\"elementor-widget-container\">\n\t\t\t\t\t\t\t\t\t<p>Here you can find our imprint with the names of the responsible persons, address and contact information.<\/p>\n\t\t\t\t\t\t\t\t<\/div>\n\t\t\t\t<\/div>\n\t\t\t\t\t<\/div>\n\t\t\t\t<\/div>\n\t\t<div class=\"elementor-element elementor-element-1032aa6 e-flex e-con-boxed e-con e-parent\" data-id=\"1032aa6\" data-element_type=\"container\" data-e-type=\"container\" data-settings=\"{&quot;background_background&quot;:&quot;classic&quot;}\">\n\t\t\t\t\t<div class=\"e-con-inner\">\n\t\t\t\t<div class=\"elementor-element elementor-element-9c9e098 elementor-widget elementor-widget-text-editor\" data-id=\"9c9e098\" data-element_type=\"widget\" data-e-type=\"widget\" data-widget_type=\"text-editor.default\">\n\t\t\t\t<div class=\"elementor-widget-container\">\n\t\t\t\t\t\t\t\t\t<p id=\"impressum\"><strong>Information according to \u00a7 5 TMG:<\/strong><\/p>\n<p>Ascensus GmbH<\/p>\n<p>Werstener Dorfstra\u00dfe 152<br \/>D &#8211; 40591 D\u00fcsseldorf<br \/>Commercial register: HRB 103379<\/p>\n<p>Register court: D\u00fcsseldorf Local Court<\/p>\n<p>VAT ID No.: DE365814339<\/p>\n<p><strong>Represented by the management:<br \/><\/strong><\/p>\n<p><strong>Mr. Robert Reznizak<\/strong><\/p>\n<p><strong>Contact:<br \/><\/strong>Phone: +49 211 8823646000<br \/>Mail: info@ascensus-beratung.de<\/p>\n<p><strong>Responsible for the content according to \u00a7 55 para. 2 RStV:<br \/><\/strong>Robert Reznizak<br \/>Werstener Dorfstra\u00dfe 152<br \/>D &#8211; 40591 D\u00fcsseldorf<\/p>\n<h2>Liability for content<\/h2>\n<p>The contents of our pages were created with the greatest care. However, we cannot accept any liability for the accuracy, completeness and up-to-dateness of the content. As a service provider, we are liable pursuant to \u00a7 7 para.1 TMG is responsible for its own content on these pages according to the general laws. According to \u00a7\u00a7 8 to 10 TMG, however, we as a service provider are not obliged to monitor transmitted or stored third-party information or to investigate circumstances that indicate illegal activity. Obligations to remove or block the use of information in accordance with general legislation remain unaffected by this. However, liability in this respect is only possible from the time of knowledge of a specific infringement. As soon as we become aware of such infringements, we will remove this content immediately.<\/p>\n<h2>Liability for links<\/h2>\n<p>Our website contains links to external websites of third parties over whose content we have no influence. Therefore, we cannot accept any liability for this third-party content. The respective provider or operator of the pages is always responsible for the content of the linked pages. The linked pages were checked for possible legal violations at the time of linking. Illegal contents were not recognizable at the time of linking. However, permanent monitoring of the content of the linked pages is not reasonable without concrete evidence of an infringement. If we become aware of any legal infringements, we will remove such links immediately.<\/p>\n<h2>Copyright<\/h2>\n<p>The content and works created by the site operators on these pages are subject to German copyright law. Duplication, processing, distribution and any form of commercialization of such material beyond the scope of the copyright law shall require the prior written consent of its respective author or creator. Downloads and copies of this site are only permitted for private, non-commercial use. Insofar as the content on this site was not created by the operator, the copyrights of third parties are respected. In particular, third-party content is identified as such. Should you nevertheless become aware of a copyright infringement, please inform us accordingly. If we become aware of any infringements, we will remove such content immediately.<\/p>\n\t\t\t\t\t\t\t\t<\/div>\n\t\t\t\t<\/div>\n\t\t\t\t\t<\/div>\n\t\t\t\t<\/div>\n\t\t\t\t<\/div>\n\t\t","protected":false},"excerpt":{"rendered":"<p>Imprint Here you can find our imprint with the names of the responsible persons, address and contact information. Information according to \u00a7 5 TMG: Ascensus GmbH Werstener Dorfstra\u00dfe 152D &#8211; 40591 D\u00fcsseldorfCommercial register: HRB 103379 Register court: D\u00fcsseldorf Local Court VAT ID No.: DE365814339 Represented by the management: Mr. Robert Reznizak Contact:Phone: +49 211 8823646000Mail: [&hellip;]<\/p>\n","protected":false},"author":1,"featured_media":0,"parent":0,"menu_order":0,"comment_status":"closed","ping_status":"closed","template":"elementor_header_footer","meta":{"footnotes":""},"class_list":["post-1435","page","type-page","status-publish","hentry"],"yoast_head":"<!-- This site is optimized with the Yoast SEO plugin v27.2 - https:\/\/yoast.com\/product\/yoast-seo-wordpress\/ -->\n<title>Imprint - Ascensus<\/title>\n<meta name=\"description\" content=\"In our imprint you will find the persons responsible for the website according to \u00a7 5 TMG and how you can reach us.\" \/>\n<meta name=\"robots\" content=\"index, follow, max-snippet:-1, max-image-preview:large, max-video-preview:-1\" \/>\n<link rel=\"canonical\" href=\"https:\/\/ascensus-beratung.de\/en\/imprint\/\" \/>\n<meta property=\"og:locale\" content=\"en_US\" \/>\n<meta property=\"og:type\" content=\"article\" \/>\n<meta property=\"og:title\" content=\"Imprint - Ascensus\" \/>\n<meta property=\"og:description\" content=\"In our imprint you will find the persons responsible for the website according to \u00a7 5 TMG and how you can reach us.\" \/>\n<meta property=\"og:url\" content=\"https:\/\/ascensus-beratung.de\/en\/imprint\/\" \/>\n<meta property=\"og:site_name\" content=\"Ascensus\" \/>\n<meta property=\"article:publisher\" content=\"https:\/\/www.facebook.com\/people\/Ascensus\/61551350117103\/\" \/>\n<meta property=\"article:modified_time\" content=\"2024-05-08T06:48:13+00:00\" \/>\n<meta name=\"twitter:card\" content=\"summary_large_image\" \/>\n<meta name=\"twitter:site\" content=\"@ascensus_de\" \/>\n<meta name=\"twitter:label1\" content=\"Est. reading time\" \/>\n\t<meta name=\"twitter:data1\" content=\"2 minutes\" \/>\n<script type=\"application\/ld+json\" class=\"yoast-schema-graph\">{\"@context\":\"https:\/\/schema.org\",\"@graph\":[{\"@type\":\"WebPage\",\"@id\":\"https:\/\/ascensus-beratung.de\/en\/imprint\/\",\"url\":\"https:\/\/ascensus-beratung.de\/en\/imprint\/\",\"name\":\"Imprint - Ascensus\",\"isPartOf\":{\"@id\":\"https:\/\/ascensus-beratung.de\/en\/#website\"},\"datePublished\":\"2023-10-06T19:37:34+00:00\",\"dateModified\":\"2024-05-08T06:48:13+00:00\",\"description\":\"In our imprint you will find the persons responsible for the website according to \u00a7 5 TMG and how you can reach us.\",\"breadcrumb\":{\"@id\":\"https:\/\/ascensus-beratung.de\/en\/imprint\/#breadcrumb\"},\"inLanguage\":\"en-US\",\"potentialAction\":[{\"@type\":\"ReadAction\",\"target\":[\"https:\/\/ascensus-beratung.de\/en\/imprint\/\"]}]},{\"@type\":\"BreadcrumbList\",\"@id\":\"https:\/\/ascensus-beratung.de\/en\/imprint\/#breadcrumb\",\"itemListElement\":[{\"@type\":\"ListItem\",\"position\":1,\"name\":\"Home\",\"item\":\"https:\/\/ascensus-beratung.de\/en\/consulting-and-marketing\/\"},{\"@type\":\"ListItem\",\"position\":2,\"name\":\"Imprint\"}]},{\"@type\":\"WebSite\",\"@id\":\"https:\/\/ascensus-beratung.de\/en\/#website\",\"url\":\"https:\/\/ascensus-beratung.de\/en\/\",\"name\":\"Ascensus\",\"description\":\"begeistern. beraten. betreiben.\",\"publisher\":{\"@id\":\"https:\/\/ascensus-beratung.de\/en\/#organization\"},\"potentialAction\":[{\"@type\":\"SearchAction\",\"target\":{\"@type\":\"EntryPoint\",\"urlTemplate\":\"https:\/\/ascensus-beratung.de\/en\/?s={search_term_string}\"},\"query-input\":{\"@type\":\"PropertyValueSpecification\",\"valueRequired\":true,\"valueName\":\"search_term_string\"}}],\"inLanguage\":\"en-US\"},{\"@type\":\"Organization\",\"@id\":\"https:\/\/ascensus-beratung.de\/en\/#organization\",\"name\":\"Ascensus\",\"url\":\"https:\/\/ascensus-beratung.de\/en\/\",\"logo\":{\"@type\":\"ImageObject\",\"inLanguage\":\"en-US\",\"@id\":\"https:\/\/ascensus-beratung.de\/en\/#\/schema\/logo\/image\/\",\"url\":\"https:\/\/ascensus-beratung.de\/wp-content\/uploads\/2023\/10\/cropped-ASCENSUS-tr-1.png\",\"contentUrl\":\"https:\/\/ascensus-beratung.de\/wp-content\/uploads\/2023\/10\/cropped-ASCENSUS-tr-1.png\",\"width\":347,\"height\":48,\"caption\":\"Ascensus\"},\"image\":{\"@id\":\"https:\/\/ascensus-beratung.de\/en\/#\/schema\/logo\/image\/\"},\"sameAs\":[\"https:\/\/www.facebook.com\/people\/Ascensus\/61551350117103\/\",\"https:\/\/x.com\/ascensus_de\",\"https:\/\/www.instagram.com\/ascensus.beratung\/\",\"https:\/\/www.linkedin.com\/company\/99558265\/\",\"https:\/\/www.xing.com\/pages\/ascensus-beratung\"]}]}<\/script>\n<!-- \/ Yoast SEO plugin. -->","yoast_head_json":{"title":"Imprint - Ascensus","description":"In our imprint you will find the persons responsible for the website according to \u00a7 5 TMG and how you can reach us.","robots":{"index":"index","follow":"follow","max-snippet":"max-snippet:-1","max-image-preview":"max-image-preview:large","max-video-preview":"max-video-preview:-1"},"canonical":"https:\/\/ascensus-beratung.de\/en\/imprint\/","og_locale":"en_US","og_type":"article","og_title":"Imprint - Ascensus","og_description":"In our imprint you will find the persons responsible for the website according to \u00a7 5 TMG and how you can reach us.","og_url":"https:\/\/ascensus-beratung.de\/en\/imprint\/","og_site_name":"Ascensus","article_publisher":"https:\/\/www.facebook.com\/people\/Ascensus\/61551350117103\/","article_modified_time":"2024-05-08T06:48:13+00:00","twitter_card":"summary_large_image","twitter_site":"@ascensus_de","twitter_misc":{"Est. reading time":"2 minutes"},"schema":{"@context":"https:\/\/schema.org","@graph":[{"@type":"WebPage","@id":"https:\/\/ascensus-beratung.de\/en\/imprint\/","url":"https:\/\/ascensus-beratung.de\/en\/imprint\/","name":"Imprint - Ascensus","isPartOf":{"@id":"https:\/\/ascensus-beratung.de\/en\/#website"},"datePublished":"2023-10-06T19:37:34+00:00","dateModified":"2024-05-08T06:48:13+00:00","description":"In our imprint you will find the persons responsible for the website according to \u00a7 5 TMG and how you can reach us.","breadcrumb":{"@id":"https:\/\/ascensus-beratung.de\/en\/imprint\/#breadcrumb"},"inLanguage":"en-US","potentialAction":[{"@type":"ReadAction","target":["https:\/\/ascensus-beratung.de\/en\/imprint\/"]}]},{"@type":"BreadcrumbList","@id":"https:\/\/ascensus-beratung.de\/en\/imprint\/#breadcrumb","itemListElement":[{"@type":"ListItem","position":1,"name":"Home","item":"https:\/\/ascensus-beratung.de\/en\/consulting-and-marketing\/"},{"@type":"ListItem","position":2,"name":"Imprint"}]},{"@type":"WebSite","@id":"https:\/\/ascensus-beratung.de\/en\/#website","url":"https:\/\/ascensus-beratung.de\/en\/","name":"Ascensus","description":"begeistern. beraten. betreiben.","publisher":{"@id":"https:\/\/ascensus-beratung.de\/en\/#organization"},"potentialAction":[{"@type":"SearchAction","target":{"@type":"EntryPoint","urlTemplate":"https:\/\/ascensus-beratung.de\/en\/?s={search_term_string}"},"query-input":{"@type":"PropertyValueSpecification","valueRequired":true,"valueName":"search_term_string"}}],"inLanguage":"en-US"},{"@type":"Organization","@id":"https:\/\/ascensus-beratung.de\/en\/#organization","name":"Ascensus","url":"https:\/\/ascensus-beratung.de\/en\/","logo":{"@type":"ImageObject","inLanguage":"en-US","@id":"https:\/\/ascensus-beratung.de\/en\/#\/schema\/logo\/image\/","url":"https:\/\/ascensus-beratung.de\/wp-content\/uploads\/2023\/10\/cropped-ASCENSUS-tr-1.png","contentUrl":"https:\/\/ascensus-beratung.de\/wp-content\/uploads\/2023\/10\/cropped-ASCENSUS-tr-1.png","width":347,"height":48,"caption":"Ascensus"},"image":{"@id":"https:\/\/ascensus-beratung.de\/en\/#\/schema\/logo\/image\/"},"sameAs":["https:\/\/www.facebook.com\/people\/Ascensus\/61551350117103\/","https:\/\/x.com\/ascensus_de","https:\/\/www.instagram.com\/ascensus.beratung\/","https:\/\/www.linkedin.com\/company\/99558265\/","https:\/\/www.xing.com\/pages\/ascensus-beratung"]}]}},"_links":{"self":[{"href":"https:\/\/ascensus-beratung.de\/en\/wp-json\/wp\/v2\/pages\/1435","targetHints":{"allow":["GET"]}}],"collection":[{"href":"https:\/\/ascensus-beratung.de\/en\/wp-json\/wp\/v2\/pages"}],"about":[{"href":"https:\/\/ascensus-beratung.de\/en\/wp-json\/wp\/v2\/types\/page"}],"author":[{"embeddable":true,"href":"https:\/\/ascensus-beratung.de\/en\/wp-json\/wp\/v2\/users\/1"}],"replies":[{"embeddable":true,"href":"https:\/\/ascensus-beratung.de\/en\/wp-json\/wp\/v2\/comments?post=1435"}],"version-history":[{"count":8,"href":"https:\/\/ascensus-beratung.de\/en\/wp-json\/wp\/v2\/pages\/1435\/revisions"}],"predecessor-version":[{"id":8063,"href":"https:\/\/ascensus-beratung.de\/en\/wp-json\/wp\/v2\/pages\/1435\/revisions\/8063"}],"wp:attachment":[{"href":"https:\/\/ascensus-beratung.de\/en\/wp-json\/wp\/v2\/media?parent=1435"}],"curies":[{"name":"wp","href":"https:\/\/api.w.org\/{rel}","templated":true}]}}